{"id":1022,"date":"2024-07-16T13:10:18","date_gmt":"2024-07-16T11:10:18","guid":{"rendered":"http:\/\/campinglarochette.be\/?page_id=1022"},"modified":"2024-07-16T13:59:31","modified_gmt":"2024-07-16T11:59:31","slug":"der-campingplatz","status":"publish","type":"page","link":"https:\/\/campinglarochette.be\/de\/der-campingplatz\/","title":{"rendered":"Der Campingplatz &#8211; de"},"content":{"rendered":"\t\t<div data-elementor-type=\"wp-post\" data-elementor-id=\"1022\" class=\"elementor elementor-1022\">\n\t\t\t\t\t\t<section class=\"elementor-section elementor-top-section elementor-element elementor-element-b344333 elementor-section-boxed elementor-section-height-default elementor-section-height-default\" data-id=\"b344333\" data-element_type=\"section\" data-e-type=\"section\">\n\t\t\t\t\t\t<div class=\"elementor-container elementor-column-gap-default\">\n\t\t\t\t\t<div class=\"elementor-column elementor-col-100 elementor-top-column elementor-element elementor-element-dd993c0\" data-id=\"dd993c0\" data-element_type=\"column\" data-e-type=\"column\">\n\t\t\t<div class=\"elementor-widget-wrap elementor-element-populated\">\n\t\t\t\t\t\t<div class=\"elementor-element elementor-element-61dd8e9 elementor-widget elementor-widget-heading\" data-id=\"61dd8e9\" data-element_type=\"widget\" data-e-type=\"widget\" data-widget_type=\"heading.default\">\n\t\t\t\t<div class=\"elementor-widget-container\">\n\t\t\t\t\t<h2 class=\"elementor-heading-title elementor-size-default\"><div><div><div><div><section><div><div><div><div><article><header><h3><\/h3><h3>Entspannung, Natur und Spa\u00df...<\/h3><\/header><\/article><\/div><\/div><\/div><\/div><\/section><\/div><\/div><\/div><\/div><\/h2>\t\t\t\t<\/div>\n\t\t\t\t<\/div>\n\t\t\t\t\t<\/div>\n\t\t<\/div>\n\t\t\t\t\t<\/div>\n\t\t<\/section>\n\t\t\t\t<section class=\"elementor-section elementor-top-section elementor-element elementor-element-d2ff432 elementor-section-content-middle elementor-section-boxed elementor-section-height-default elementor-section-height-default\" data-id=\"d2ff432\" data-element_type=\"section\" data-e-type=\"section\">\n\t\t\t\t\t\t<div class=\"elementor-container elementor-column-gap-default\">\n\t\t\t\t\t<div class=\"elementor-column elementor-col-50 elementor-top-column elementor-element elementor-element-fe5a6ec\" data-id=\"fe5a6ec\" data-element_type=\"column\" data-e-type=\"column\">\n\t\t\t<div class=\"elementor-widget-wrap elementor-element-populated\">\n\t\t\t\t\t\t<div class=\"elementor-element elementor-element-6776538 elementor-widget elementor-widget-image\" data-id=\"6776538\" data-element_type=\"widget\" data-e-type=\"widget\" data-widget_type=\"image.default\">\n\t\t\t\t<div class=\"elementor-widget-container\">\n\t\t\t\t\t\t\t\t\t\t\t\t\t\t\t<img fetchpriority=\"high\" decoding=\"async\" width=\"844\" height=\"621\" src=\"https:\/\/campinglarochette.be\/wp-content\/uploads\/2018\/08\/image_01-1024x754.jpg\" class=\"attachment-large size-large wp-image-2138\" alt=\"\" srcset=\"https:\/\/campinglarochette.be\/wp-content\/uploads\/2018\/08\/image_01-1024x754.jpg 1024w, https:\/\/campinglarochette.be\/wp-content\/uploads\/2018\/08\/image_01-600x442.jpg 600w, https:\/\/campinglarochette.be\/wp-content\/uploads\/2018\/08\/image_01-300x221.jpg 300w, https:\/\/campinglarochette.be\/wp-content\/uploads\/2018\/08\/image_01-768x565.jpg 768w, https:\/\/campinglarochette.be\/wp-content\/uploads\/2018\/08\/image_01-891x656.jpg 891w, https:\/\/campinglarochette.be\/wp-content\/uploads\/2018\/08\/image_01.jpg 1168w\" sizes=\"(max-width: 844px) 100vw, 844px\" \/>\t\t\t\t\t\t\t\t\t\t\t\t\t\t\t<\/div>\n\t\t\t\t<\/div>\n\t\t\t\t\t<\/div>\n\t\t<\/div>\n\t\t\t\t<div class=\"elementor-column elementor-col-50 elementor-top-column elementor-element elementor-element-4a7ba89\" data-id=\"4a7ba89\" data-element_type=\"column\" data-e-type=\"column\">\n\t\t\t<div class=\"elementor-widget-wrap elementor-element-populated\">\n\t\t\t\t\t\t<div class=\"elementor-element elementor-element-47c3560 elementor-widget elementor-widget-text-editor\" data-id=\"47c3560\" data-element_type=\"widget\" data-e-type=\"widget\" data-widget_type=\"text-editor.default\">\n\t\t\t\t<div class=\"elementor-widget-container\">\n\t\t\t\t\t\t\t\t\t<p>Der Campingplatz &#8220;La Rochette&#8221; liegt in einem wundersch\u00f6nen Dorf, nur wenige Schritte vom Fluss Semois entfernt, mitten in der Natur. Insgesamt gibt es 5 Hektar Campingfl\u00e4che mit nicht weniger als 215 komfortablen Pl\u00e4tzen, die wie folgt aufgeteilt sind:<\/p><ul style=\"margin-left: 40px;\"><li>150 reservierte Pl\u00e4tze f\u00fcr Mobilheime, von denen einige vermietet werden k\u00f6nnen (mindestens 120m<span style=\"font-size: 8px; vertical-align: super;\">2<\/span>)<\/li><li>65 verf\u00fcgbare Pl\u00e4tze f\u00fcr Wohnwagen, Wohnmobile und Zelte (mindestens 100mm<span style=\"font-size: 8px; vertical-align: super;\">2<\/span>)<\/li><\/ul><p>Alle Pl\u00e4tze sind mit Strom ausgestattet und ein sauberer Sanit\u00e4rbereich ist in kurzer Entfernung vorhanden.<br \/>Der Campingplatz verf\u00fcgt \u00fcber eine gem\u00fctliche Cafeteria, die jeden Tag ge\u00f6ffnet ist. Hier k\u00f6nnen Sie einen guten Kaffee oder ein erfrischendes Getr\u00e4nk trinken oder sogar eine leckere Mahlzeit genie\u00dfen. Au\u00dferdem finden Sie hier t\u00e4glich Informationen \u00fcber Veranstaltungen auf dem Campingplatz und in der Region.<\/p>\t\t\t\t\t\t\t\t<\/div>\n\t\t\t\t<\/div>\n\t\t\t\t\t<\/div>\n\t\t<\/div>\n\t\t\t\t\t<\/div>\n\t\t<\/section>\n\t\t\t\t<section class=\"elementor-section elementor-top-section elementor-element elementor-element-2db7db3 elementor-section-boxed elementor-section-height-default elementor-section-height-default\" data-id=\"2db7db3\" data-element_type=\"section\" data-e-type=\"section\">\n\t\t\t\t\t\t<div class=\"elementor-container elementor-column-gap-default\">\n\t\t\t\t\t<div class=\"elementor-column elementor-col-100 elementor-top-column elementor-element elementor-element-8b5b067\" data-id=\"8b5b067\" data-element_type=\"column\" data-e-type=\"column\">\n\t\t\t<div class=\"elementor-widget-wrap elementor-element-populated\">\n\t\t\t\t\t\t<div class=\"elementor-element elementor-element-bc6fd69 elementor-widget elementor-widget-heading\" data-id=\"bc6fd69\" data-element_type=\"widget\" data-e-type=\"widget\" data-widget_type=\"heading.default\">\n\t\t\t\t<div class=\"elementor-widget-container\">\n\t\t\t\t\t<h2 class=\"elementor-heading-title elementor-size-default\"><div><div><div><div><section><div><div><div><div><article><header><h3><\/h3><h3>Die Erleichterungen des Campens <\/h3><\/header><\/article><\/div><\/div><\/div><\/div><\/section><\/div><\/div><\/div><\/div><\/h2>\t\t\t\t<\/div>\n\t\t\t\t<\/div>\n\t\t\t\t\t<\/div>\n\t\t<\/div>\n\t\t\t\t\t<\/div>\n\t\t<\/section>\n\t\t\t\t<section class=\"elementor-section elementor-top-section elementor-element elementor-element-9b0f5e0 elementor-section-content-middle elementor-section-boxed elementor-section-height-default elementor-section-height-default\" data-id=\"9b0f5e0\" data-element_type=\"section\" data-e-type=\"section\">\n\t\t\t\t\t\t<div class=\"elementor-container elementor-column-gap-default\">\n\t\t\t\t\t<div class=\"elementor-column elementor-col-50 elementor-top-column elementor-element elementor-element-9c0d793\" data-id=\"9c0d793\" data-element_type=\"column\" data-e-type=\"column\">\n\t\t\t<div class=\"elementor-widget-wrap elementor-element-populated\">\n\t\t\t\t\t\t<div class=\"elementor-element elementor-element-284d687 elementor-widget elementor-widget-image\" data-id=\"284d687\" data-element_type=\"widget\" data-e-type=\"widget\" data-widget_type=\"image.default\">\n\t\t\t\t<div class=\"elementor-widget-container\">\n\t\t\t\t\t\t\t\t\t\t\t\t\t\t\t<img fetchpriority=\"high\" decoding=\"async\" width=\"844\" height=\"621\" src=\"https:\/\/campinglarochette.be\/wp-content\/uploads\/2018\/08\/image_01-1024x754.jpg\" class=\"attachment-large size-large wp-image-2138\" alt=\"\" srcset=\"https:\/\/campinglarochette.be\/wp-content\/uploads\/2018\/08\/image_01-1024x754.jpg 1024w, https:\/\/campinglarochette.be\/wp-content\/uploads\/2018\/08\/image_01-600x442.jpg 600w, https:\/\/campinglarochette.be\/wp-content\/uploads\/2018\/08\/image_01-300x221.jpg 300w, https:\/\/campinglarochette.be\/wp-content\/uploads\/2018\/08\/image_01-768x565.jpg 768w, https:\/\/campinglarochette.be\/wp-content\/uploads\/2018\/08\/image_01-891x656.jpg 891w, https:\/\/campinglarochette.be\/wp-content\/uploads\/2018\/08\/image_01.jpg 1168w\" sizes=\"(max-width: 844px) 100vw, 844px\" \/>\t\t\t\t\t\t\t\t\t\t\t\t\t\t\t<\/div>\n\t\t\t\t<\/div>\n\t\t\t\t\t<\/div>\n\t\t<\/div>\n\t\t\t\t<div class=\"elementor-column elementor-col-50 elementor-top-column elementor-element elementor-element-3045e00\" data-id=\"3045e00\" data-element_type=\"column\" data-e-type=\"column\">\n\t\t\t<div class=\"elementor-widget-wrap elementor-element-populated\">\n\t\t\t\t\t\t<div class=\"elementor-element elementor-element-49c3e40 elementor-widget elementor-widget-text-editor\" data-id=\"49c3e40\" data-element_type=\"widget\" data-e-type=\"widget\" data-widget_type=\"text-editor.default\">\n\t\t\t\t<div class=\"elementor-widget-container\">\n\t\t\t\t\t\t\t\t\t<p>Neben der Cafeteria\/dem Restaurant bietet der Campingplatz &#8220;La Rochette&#8221; den Campern eine Vielzahl von Dienstleistungen an. So k\u00f6nnen Sie Ihr frisches Brot direkt in der auf dem Campingplatz gelegenen B\u00e4ckerei kaufen. Sie k\u00f6nnen auch in unserem Laden einkaufen, ohne den Campingplatz zu verlassen.<\/p><p>\u00a0Nachdem du deinen Jeton in der Cafeteria abgeholt hast, genie\u00dft du eine ausgiebige Dusche in unseren Sanit\u00e4ranlagen und vergisst nicht, deine schmutzige W\u00e4sche in die Waschmaschine zu stecken. Alle diese Dienstleistungen sind f\u00fcr alle Camper in der Sanit\u00e4recke zug\u00e4nglich.<\/p>\t\t\t\t\t\t\t\t<\/div>\n\t\t\t\t<\/div>\n\t\t\t\t\t<\/div>\n\t\t<\/div>\n\t\t\t\t\t<\/div>\n\t\t<\/section>\n\t\t\t\t<section class=\"elementor-section-custom-divider elementor-section elementor-top-section elementor-element elementor-element-1b6ca7e elementor-section-stretched elementor-section-boxed elementor-section-height-default elementor-section-height-default\" data-id=\"1b6ca7e\" data-element_type=\"section\" data-e-type=\"section\" data-settings=\"{&quot;stretch_section&quot;:&quot;section-stretched&quot;,&quot;background_background&quot;:&quot;classic&quot;}\">\n\t\t\t\t\t\t<div class=\"elementor-container elementor-column-gap-default\">\n\t\t\t\t\t<div class=\"elementor-column elementor-col-100 elementor-top-column elementor-element elementor-element-3a1f9a6\" data-id=\"3a1f9a6\" data-element_type=\"column\" data-e-type=\"column\">\n\t\t\t<div class=\"elementor-widget-wrap elementor-element-populated\">\n\t\t\t\t\t\t<div class=\"elementor-element elementor-element-7d29baeb elementor-widget elementor-widget-image-hotspot\" data-id=\"7d29baeb\" data-element_type=\"widget\" data-e-type=\"widget\" data-widget_type=\"image-hotspot.default\">\n\t\t\t\t<div class=\"elementor-widget-container\">\n\t\t\t\t\t<div class=\"mpce-hotspot-img-wrapprer  mpce-hotspot-shortcode-img-wrapprer \" ><img decoding=\"async\" src=\"https:\/\/campinglarochette.be\/wp-content\/uploads\/2024\/07\/plan.png\"  alt=\"plan\" \/>\t<div class=\"mpce-hotspot-wrapprer\" ><div class='mpce-tooltip' style=' top: calc(45% - 25px); left:  calc(38% - 25px); width: 50px; height:50px;'>\t\t<div class='mpce-hotspot'>\t\t\t<div class='hotspot-normal hotspot-tip '   data-position='top'  data-class='mpce-custom333fff'  data-color='#fff'  data-color_bg='#333'  data-show='hover'  style=' border-radius: 50%; color: #fff; background: #9b9ca4;' >+<div class='mpce-tooltip-text' style='display:none'><h5 style=\"text-align: center;\">Loop A<\/h5><p style=\"text-align: center;\">Camping tents sites (1-31)<\/p><\/div><\/div>\t\t\t<div class='pulse ' style=' border: 3px solid #9b9ca4; -webkit-box-shadow: inset 0px 0px 15px 10px #9b9ca4; -ms-box-shadow: inset 0px 0px 15px 10px #9b9ca4; -moz-box-shadow: inset 0px 0px 15px 10px #9b9ca4; box-shadow: inset 0px 0px 15px 10px #9b9ca4;'>&#32;<\/div><\/div><\/div><div class='mpce-tooltip' style=' top: calc(45% - 25px); left:  calc(62% - 25px); width: 50px; height:50px;'>\t\t<div class='mpce-hotspot'>\t\t\t<div class='hotspot-normal hotspot-tip '   data-position='top'  data-class='mpce-custom333fff'  data-color='#fff'  data-color_bg='#333'  data-show='hover'  style=' border-radius: 50%; color: #fff; background: #9b9ca4;' >+<div class='mpce-tooltip-text' style='display:none'><h5 style=\"text-align: center;\">Loop B<\/h5><p style=\"text-align: center;\">Camping caravans sites (32-53)<\/p><\/div><\/div>\t\t\t<div class='pulse ' style=' border: 3px solid #9b9ca4; -webkit-box-shadow: inset 0px 0px 15px 10px #9b9ca4; -ms-box-shadow: inset 0px 0px 15px 10px #9b9ca4; -moz-box-shadow: inset 0px 0px 15px 10px #9b9ca4; box-shadow: inset 0px 0px 15px 10px #9b9ca4;'>&#32;<\/div><\/div><\/div><div class='mpce-tooltip' style=' top: calc(45% - 25px); left:  calc(83% - 25px); width: 50px; height:50px;'>\t\t<div class='mpce-hotspot'>\t\t\t<div class='hotspot-normal hotspot-tip '   data-position='top'  data-class='mpce-custom333fff'  data-color='#fff'  data-color_bg='#333'  data-show='hover'  style=' border-radius: 50%; color: #fff; background: #9b9ca4;' >+<div class='mpce-tooltip-text' style='display:none'><h5 style=\"text-align: center;\">Loop C<\/h5><p style=\"text-align: center;\">Camping caravans places (54-85)<\/p><\/div><\/div>\t\t\t<div class='pulse ' style=' border: 3px solid #9b9ca4; -webkit-box-shadow: inset 0px 0px 15px 10px #9b9ca4; -ms-box-shadow: inset 0px 0px 15px 10px #9b9ca4; -moz-box-shadow: inset 0px 0px 15px 10px #9b9ca4; box-shadow: inset 0px 0px 15px 10px #9b9ca4;'>&#32;<\/div><\/div><\/div><div class='mpce-tooltip' style=' top: calc(83% - 25px); left:  calc(57% - 25px); width: 50px; height:50px;'>\t\t<div class='mpce-hotspot'>\t\t\t<div class='hotspot-normal hotspot-tip '   data-position='top'  data-class='mpce-custom333fff'  data-color='#fff'  data-color_bg='#333'  data-show='hover'  style=' border-radius: 50%; color: #fff; background: #9b9ca4;' >+<div class='mpce-tooltip-text' style='display:none'><h5 style=\"text-align: center;\">Loop D<\/h5><p style=\"text-align: center;\">Cabins and cottages (86-95)<\/p><\/div><\/div>\t\t\t<div class='pulse ' style=' border: 3px solid #9b9ca4; -webkit-box-shadow: inset 0px 0px 15px 10px #9b9ca4; -ms-box-shadow: inset 0px 0px 15px 10px #9b9ca4; -moz-box-shadow: inset 0px 0px 15px 10px #9b9ca4; box-shadow: inset 0px 0px 15px 10px #9b9ca4;'>&#32;<\/div><\/div><\/div><div class='mpce-tooltip' style=' top: calc(76% - 25px); left:  calc(17% - 25px); width: 50px; height:50px;'>\t\t<div class='mpce-hotspot'>\t\t\t<div class='hotspot-normal hotspot-tip '   data-position='top'  data-class='mpce-custom333fff'  data-color='#fff'  data-color_bg='#333'  data-show='hover'  style=' border-radius: 50%; color: #fff; background: #9b9ca4;' >+<div class='mpce-tooltip-text' style='display:none'><h5 style=\"text-align: center;\">Main Office<\/h5><p style=\"text-align: center;\">Working hours: 8:00 - 18:00<\/p><\/div><\/div>\t\t\t<div class='pulse ' style=' border: 3px solid #9b9ca4; -webkit-box-shadow: inset 0px 0px 15px 10px #9b9ca4; -ms-box-shadow: inset 0px 0px 15px 10px #9b9ca4; -moz-box-shadow: inset 0px 0px 15px 10px #9b9ca4; box-shadow: inset 0px 0px 15px 10px #9b9ca4;'>&#32;<\/div><\/div><\/div><div class='mpce-tooltip' style=' top: calc(65% - 25px); left:  calc(26% - 25px); width: 50px; height:50px;'>\t\t<div class='mpce-hotspot'>\t\t\t<div class='hotspot-normal hotspot-tip '   data-position='top'  data-class='mpce-custom333fff'  data-color='#fff'  data-color_bg='#333'  data-show='hover'  style=' border-radius: 50%; color: #fff; background: #9b9ca4;' >+<div class='mpce-tooltip-text' style='display:none'><h5 style=\"text-align: center;\">Goods Store<\/h5><p style=\"text-align: center;\">Working hours: 8:00 - 21:00<\/p><\/div><\/div>\t\t\t<div class='pulse ' style=' border: 3px solid #9b9ca4; -webkit-box-shadow: inset 0px 0px 15px 10px #9b9ca4; -ms-box-shadow: inset 0px 0px 15px 10px #9b9ca4; -moz-box-shadow: inset 0px 0px 15px 10px #9b9ca4; box-shadow: inset 0px 0px 15px 10px #9b9ca4;'>&#32;<\/div><\/div><\/div><div class='mpce-tooltip' style=' top: calc(27% - 25px); left:  calc(7% - 25px); width: 50px; height:50px;'>\t\t<div class='mpce-hotspot'>\t\t\t<div class='hotspot-normal hotspot-tip '   data-position='right'  data-class='mpce-custom333fff'  data-color='#fff'  data-color_bg='#333'  data-show='hover'  style=' border-radius: 50%; color: #fff; background: #9b9ca4;' >+<div class='mpce-tooltip-text' style='display:none'><h5 style=\"text-align: center;\">Route 95<\/h5><\/div><\/div>\t\t\t<div class='pulse ' style=' border: 3px solid #9b9ca4; -webkit-box-shadow: inset 0px 0px 15px 10px #9b9ca4; -ms-box-shadow: inset 0px 0px 15px 10px #9b9ca4; -moz-box-shadow: inset 0px 0px 15px 10px #9b9ca4; box-shadow: inset 0px 0px 15px 10px #9b9ca4;'>&#32;<\/div><\/div><\/div><div class='mpce-tooltip' style=' top: calc(75% - 25px); left:  calc(93% - 25px); width: 50px; height:50px;'>\t\t<div class='mpce-hotspot'>\t\t\t<div class='hotspot-normal hotspot-tip '   data-position='left'  data-class='mpce-custom333fff'  data-color='#fff'  data-color_bg='#333'  data-show='hover'  style=' border-radius: 50%; color: #fff; background: #9b9ca4;' >+<div class='mpce-tooltip-text' style='display:none'><h5 style=\"text-align: center;\">Dump Station<\/h5><\/div><\/div>\t\t\t<div class='pulse ' style=' border: 3px solid #9b9ca4; -webkit-box-shadow: inset 0px 0px 15px 10px #9b9ca4; -ms-box-shadow: inset 0px 0px 15px 10px #9b9ca4; -moz-box-shadow: inset 0px 0px 15px 10px #9b9ca4; box-shadow: inset 0px 0px 15px 10px #9b9ca4;'>&#32;<\/div><\/div><\/div><\/div><\/div>\t\t\t\t<\/div>\n\t\t\t\t<\/div>\n\t\t\t\t\t<\/div>\n\t\t<\/div>\n\t\t\t\t\t<\/div>\n\t\t<\/section>\n\t\t\t\t<\/div>\n\t\t","protected":false},"excerpt":{"rendered":"<p>Entspannung, Natur und Spa\u00df&#8230; Der Campingplatz &#8220;La Rochette&#8221; liegt in einem wundersch\u00f6nen Dorf, nur wenige Schritte vom Fluss Semois entfernt, mitten in der Natur. Insgesamt gibt es 5 Hektar Campingfl\u00e4che mit nicht weniger als 215 komfortablen Pl\u00e4tzen, die wie folgt aufgeteilt sind: 150 reservierte Pl\u00e4tze f\u00fcr Mobilheime, von denen einige vermietet werden k\u00f6nnen (mindestens 120m2) [&hellip;]<\/p>\n","protected":false},"author":1,"featured_media":0,"parent":0,"menu_order":0,"comment_status":"closed","ping_status":"closed","template":"elementor_header_footer","meta":{"om_disable_all_campaigns":false,"inline_featured_image":false,"_monsterinsights_skip_tracking":false,"_monsterinsights_sitenote_active":false,"_monsterinsights_sitenote_note":"","_monsterinsights_sitenote_category":0,"_uf_show_specific_survey":0,"_uf_disable_surveys":false,"_themeisle_gutenberg_block_has_review":false,"footnotes":""},"class_list":["post-1022","page","type-page","status-publish","hentry"],"aioseo_notices":[],"_links":{"self":[{"href":"https:\/\/campinglarochette.be\/de\/wp-json\/wp\/v2\/pages\/1022","targetHints":{"allow":["GET"]}}],"collection":[{"href":"https:\/\/campinglarochette.be\/de\/wp-json\/wp\/v2\/pages"}],"about":[{"href":"https:\/\/campinglarochette.be\/de\/wp-json\/wp\/v2\/types\/page"}],"author":[{"embeddable":true,"href":"https:\/\/campinglarochette.be\/de\/wp-json\/wp\/v2\/users\/1"}],"replies":[{"embeddable":true,"href":"https:\/\/campinglarochette.be\/de\/wp-json\/wp\/v2\/comments?post=1022"}],"version-history":[{"count":9,"href":"https:\/\/campinglarochette.be\/de\/wp-json\/wp\/v2\/pages\/1022\/revisions"}],"predecessor-version":[{"id":1056,"href":"https:\/\/campinglarochette.be\/de\/wp-json\/wp\/v2\/pages\/1022\/revisions\/1056"}],"wp:attachment":[{"href":"https:\/\/campinglarochette.be\/de\/wp-json\/wp\/v2\/media?parent=1022"}],"curies":[{"name":"wp","href":"https:\/\/api.w.org\/{rel}","templated":true}]}}