{"id":1081,"date":"2024-07-16T14:37:41","date_gmt":"2024-07-16T12:37:41","guid":{"rendered":"http:\/\/campinglarochette.be\/?page_id=1081"},"modified":"2024-07-22T13:05:22","modified_gmt":"2024-07-22T11:05:22","slug":"einrichtungen","status":"publish","type":"page","link":"https:\/\/campinglarochette.be\/de\/einrichtungen\/","title":{"rendered":"Der Campingplatz"},"content":{"rendered":"\t\t<div data-elementor-type=\"wp-page\" data-elementor-id=\"1081\" class=\"elementor elementor-1081 elementor-1065\">\n\t\t\t\t<div class=\"elementor-element elementor-element-b2b62ac e-flex e-con-boxed e-con e-parent\" data-id=\"b2b62ac\" data-element_type=\"container\" data-e-type=\"container\">\n\t\t\t\t\t<div class=\"e-con-inner\">\n\t\t\t\t<div class=\"elementor-element elementor-element-49ef979 elementor-widget elementor-widget-heading\" data-id=\"49ef979\" data-element_type=\"widget\" data-e-type=\"widget\" data-widget_type=\"heading.default\">\n\t\t\t\t<div class=\"elementor-widget-container\">\n\t\t\t\t\t<h2 class=\"elementor-heading-title elementor-size-default\"><div><div><div><div><section><div><div><div><div><article><header><h3><\/h3><h3>Entspannung, Natur und Spa\u00df...<\/h3><\/header><\/article><\/div><\/div><\/div><\/div><\/section><\/div><\/div><\/div><\/div><\/h2>\t\t\t\t<\/div>\n\t\t\t\t<\/div>\n\t\t\t\t\t<\/div>\n\t\t\t\t<\/div>\n\t\t\t\t<section class=\"elementor-section elementor-top-section elementor-element elementor-element-9a0d6ee elementor-section-content-middle elementor-section-boxed elementor-section-height-default elementor-section-height-default\" data-id=\"9a0d6ee\" data-element_type=\"section\" data-e-type=\"section\">\n\t\t\t\t\t\t<div class=\"elementor-container elementor-column-gap-default\">\n\t\t\t\t\t<div class=\"elementor-column elementor-col-50 elementor-top-column elementor-element elementor-element-f3397c6\" data-id=\"f3397c6\" data-element_type=\"column\" data-e-type=\"column\">\n\t\t\t<div class=\"elementor-widget-wrap elementor-element-populated\">\n\t\t\t\t\t\t<div class=\"elementor-element elementor-element-c861c41 elementor-widget elementor-widget-image\" data-id=\"c861c41\" data-element_type=\"widget\" data-e-type=\"widget\" data-widget_type=\"image.default\">\n\t\t\t\t<div class=\"elementor-widget-container\">\n\t\t\t\t\t\t\t\t\t\t\t\t\t\t\t<img fetchpriority=\"high\" decoding=\"async\" width=\"844\" height=\"621\" src=\"https:\/\/campinglarochette.be\/wp-content\/uploads\/2018\/08\/image_01-1024x754.jpg\" class=\"attachment-large size-large wp-image-2138\" alt=\"\" srcset=\"https:\/\/campinglarochette.be\/wp-content\/uploads\/2018\/08\/image_01-1024x754.jpg 1024w, https:\/\/campinglarochette.be\/wp-content\/uploads\/2018\/08\/image_01-600x442.jpg 600w, https:\/\/campinglarochette.be\/wp-content\/uploads\/2018\/08\/image_01-300x221.jpg 300w, https:\/\/campinglarochette.be\/wp-content\/uploads\/2018\/08\/image_01-768x565.jpg 768w, https:\/\/campinglarochette.be\/wp-content\/uploads\/2018\/08\/image_01-891x656.jpg 891w, https:\/\/campinglarochette.be\/wp-content\/uploads\/2018\/08\/image_01.jpg 1168w\" sizes=\"(max-width: 844px) 100vw, 844px\" \/>\t\t\t\t\t\t\t\t\t\t\t\t\t\t\t<\/div>\n\t\t\t\t<\/div>\n\t\t\t\t\t<\/div>\n\t\t<\/div>\n\t\t\t\t<div class=\"elementor-column elementor-col-50 elementor-top-column elementor-element elementor-element-0f86340\" data-id=\"0f86340\" data-element_type=\"column\" data-e-type=\"column\">\n\t\t\t<div class=\"elementor-widget-wrap elementor-element-populated\">\n\t\t\t\t\t\t<div class=\"elementor-element elementor-element-57dfdd5 elementor-widget elementor-widget-text-editor\" data-id=\"57dfdd5\" data-element_type=\"widget\" data-e-type=\"widget\" data-widget_type=\"text-editor.default\">\n\t\t\t\t<div class=\"elementor-widget-container\">\n\t\t\t\t\t\t\t\t\t<p>Der Campingplatz &#8220;La Rochette&#8221; liegt in einem wundersch\u00f6nen Dorf, nur wenige Schritte von der Semois entfernt, mitten in der Natur. Insgesamt gibt es einen 5 Hektar gro\u00dfen Campingplatz mit 215 komfortablen Pl\u00e4tzen, die wie folgt aufgeteilt sind:<\/p>\n<ul style=\"margin-left: 40px;\">\n<li>150 Pl\u00e4tze f\u00fcr Mobilheime, von denen einige vermietet werden k\u00f6nnen (mindestens <span style=\"font-size: 8px; vertical-align: super;\">120m2<\/span>)<\/li>\n<li>65 verf\u00fcgbare Pl\u00e4tze f\u00fcr Wohnwagen, Wohnmobile und Zelte (mindestens <span style=\"font-size: 8px; vertical-align: super;\">100m2<\/span>)<\/li>\n<\/ul>\n<p>Alle Pl\u00e4tze sind mit Elektrizit\u00e4t ausgestattet und ein sauberer Sanit\u00e4rbereich ist in kurzer Entfernung vorhanden.<br \/>Der Campingplatz verf\u00fcgt \u00fcber eine gem\u00fctliche Cafeteria, die jeden Tag ge\u00f6ffnet ist. Hier k\u00f6nnen Sie einen guten Kaffee oder ein Erfrischungsgetr\u00e4nk trinken und sogar eine leckere Mahlzeit genie\u00dfen. Hier finden Sie auch t\u00e4glich Informationen \u00fcber Veranstaltungen auf dem Campingplatz und in der Region.<\/p>\n\t\t\t\t\t\t\t\t<\/div>\n\t\t\t\t<\/div>\n\t\t\t\t\t<\/div>\n\t\t<\/div>\n\t\t\t\t\t<\/div>\n\t\t<\/section>\n\t\t<div class=\"elementor-element elementor-element-9aa1ee5 e-flex e-con-boxed e-con e-parent\" data-id=\"9aa1ee5\" data-element_type=\"container\" data-e-type=\"container\">\n\t\t\t\t\t<div class=\"e-con-inner\">\n\t\t\t\t<div class=\"elementor-element elementor-element-15cc38b elementor-widget elementor-widget-heading\" data-id=\"15cc38b\" data-element_type=\"widget\" data-e-type=\"widget\" data-widget_type=\"heading.default\">\n\t\t\t\t<div class=\"elementor-widget-container\">\n\t\t\t\t\t<h2 class=\"elementor-heading-title elementor-size-default\"><div><div><div><div><section><div><div><div><div><article><header><h3><\/h3><h3>\nDie Einrichtungen des Campingplatzes\n<\/h3><\/header><\/article><\/div><\/div><\/div><\/div><\/section><\/div><\/div><\/div><\/div><\/h2>\t\t\t\t<\/div>\n\t\t\t\t<\/div>\n\t\t\t\t\t<\/div>\n\t\t\t\t<\/div>\n\t\t\t\t<section class=\"elementor-section elementor-top-section elementor-element elementor-element-49c9e3a elementor-section-content-middle elementor-section-boxed elementor-section-height-default elementor-section-height-default\" data-id=\"49c9e3a\" data-element_type=\"section\" data-e-type=\"section\">\n\t\t\t\t\t\t<div class=\"elementor-container elementor-column-gap-default\">\n\t\t\t\t\t<div class=\"elementor-column elementor-col-50 elementor-top-column elementor-element elementor-element-18bf123\" data-id=\"18bf123\" data-element_type=\"column\" data-e-type=\"column\">\n\t\t\t<div class=\"elementor-widget-wrap elementor-element-populated\">\n\t\t\t\t\t\t<div class=\"elementor-element elementor-element-bfea9e8 elementor-widget elementor-widget-image\" data-id=\"bfea9e8\" data-element_type=\"widget\" data-e-type=\"widget\" data-widget_type=\"image.default\">\n\t\t\t\t<div class=\"elementor-widget-container\">\n\t\t\t\t\t\t\t\t\t\t\t\t\t\t\t<img fetchpriority=\"high\" decoding=\"async\" width=\"844\" height=\"621\" src=\"https:\/\/campinglarochette.be\/wp-content\/uploads\/2018\/08\/image_01-1024x754.jpg\" class=\"attachment-large size-large wp-image-2138\" alt=\"\" srcset=\"https:\/\/campinglarochette.be\/wp-content\/uploads\/2018\/08\/image_01-1024x754.jpg 1024w, https:\/\/campinglarochette.be\/wp-content\/uploads\/2018\/08\/image_01-600x442.jpg 600w, https:\/\/campinglarochette.be\/wp-content\/uploads\/2018\/08\/image_01-300x221.jpg 300w, https:\/\/campinglarochette.be\/wp-content\/uploads\/2018\/08\/image_01-768x565.jpg 768w, https:\/\/campinglarochette.be\/wp-content\/uploads\/2018\/08\/image_01-891x656.jpg 891w, https:\/\/campinglarochette.be\/wp-content\/uploads\/2018\/08\/image_01.jpg 1168w\" sizes=\"(max-width: 844px) 100vw, 844px\" \/>\t\t\t\t\t\t\t\t\t\t\t\t\t\t\t<\/div>\n\t\t\t\t<\/div>\n\t\t\t\t\t<\/div>\n\t\t<\/div>\n\t\t\t\t<div class=\"elementor-column elementor-col-50 elementor-top-column elementor-element elementor-element-0b1c8d3\" data-id=\"0b1c8d3\" data-element_type=\"column\" data-e-type=\"column\">\n\t\t\t<div class=\"elementor-widget-wrap elementor-element-populated\">\n\t\t\t\t\t\t<div class=\"elementor-element elementor-element-f4d5538 elementor-widget elementor-widget-text-editor\" data-id=\"f4d5538\" data-element_type=\"widget\" data-e-type=\"widget\" data-widget_type=\"text-editor.default\">\n\t\t\t\t<div class=\"elementor-widget-container\">\n\t\t\t\t\t\t\t\t\t<p>Neben der Cafeteria\/dem Restaurant bietet der Campingplatz &#8220;La Rochette&#8221; den Campern eine Vielzahl von Dienstleistungen. So k\u00f6nnen Sie Ihr frisches Brot direkt in der B\u00e4ckerei auf dem Campingplatz kaufen. Sie k\u00f6nnen auch in unserem Gesch\u00e4ft einkaufen, ohne den Campingplatz verlassen zu m\u00fcssen.<\/p>\n<p>  Nachdem Sie Ihren Jeton in der Cafeteria abgeholt haben, k\u00f6nnen Sie in unseren Sanit\u00e4ranlagen duschen und Ihre schmutzige W\u00e4sche in die Waschmaschine werfen. Alle diese Dienstleistungen sind f\u00fcr alle Camper im Sanit\u00e4rbereich zug\u00e4nglich.<\/p>\n\t\t\t\t\t\t\t\t<\/div>\n\t\t\t\t<\/div>\n\t\t\t\t\t<\/div>\n\t\t<\/div>\n\t\t\t\t\t<\/div>\n\t\t<\/section>\n\t\t\t\t<\/div>\n\t\t","protected":false},"excerpt":{"rendered":"<p>Entspannung, Natur und Spa\u00df&#8230; Der Campingplatz &#8220;La Rochette&#8221; liegt in einem wundersch\u00f6nen Dorf, nur wenige Schritte von der Semois entfernt, mitten in der Natur. Insgesamt gibt es einen 5 Hektar gro\u00dfen Campingplatz mit 215 komfortablen Pl\u00e4tzen, die wie folgt aufgeteilt sind: 150 Pl\u00e4tze f\u00fcr Mobilheime, von denen einige vermietet werden k\u00f6nnen (mindestens 120m2) 65 verf\u00fcgbare [&hellip;]<\/p>\n","protected":false},"author":1,"featured_media":0,"parent":0,"menu_order":0,"comment_status":"closed","ping_status":"closed","template":"elementor_header_footer","meta":{"om_disable_all_campaigns":false,"inline_featured_image":false,"_monsterinsights_skip_tracking":false,"_monsterinsights_sitenote_active":false,"_monsterinsights_sitenote_note":"","_monsterinsights_sitenote_category":0,"_uf_show_specific_survey":0,"_uf_disable_surveys":false,"_themeisle_gutenberg_block_has_review":false,"footnotes":""},"class_list":["post-1081","page","type-page","status-publish","hentry"],"aioseo_notices":[],"_links":{"self":[{"href":"https:\/\/campinglarochette.be\/de\/wp-json\/wp\/v2\/pages\/1081","targetHints":{"allow":["GET"]}}],"collection":[{"href":"https:\/\/campinglarochette.be\/de\/wp-json\/wp\/v2\/pages"}],"about":[{"href":"https:\/\/campinglarochette.be\/de\/wp-json\/wp\/v2\/types\/page"}],"author":[{"embeddable":true,"href":"https:\/\/campinglarochette.be\/de\/wp-json\/wp\/v2\/users\/1"}],"replies":[{"embeddable":true,"href":"https:\/\/campinglarochette.be\/de\/wp-json\/wp\/v2\/comments?post=1081"}],"version-history":[{"count":9,"href":"https:\/\/campinglarochette.be\/de\/wp-json\/wp\/v2\/pages\/1081\/revisions"}],"predecessor-version":[{"id":2065,"href":"https:\/\/campinglarochette.be\/de\/wp-json\/wp\/v2\/pages\/1081\/revisions\/2065"}],"wp:attachment":[{"href":"https:\/\/campinglarochette.be\/de\/wp-json\/wp\/v2\/media?parent=1081"}],"curies":[{"name":"wp","href":"https:\/\/api.w.org\/{rel}","templated":true}]}}