{"id":1481,"date":"2024-07-10T13:57:21","date_gmt":"2024-07-10T11:57:21","guid":{"rendered":"http:\/\/campinglarochette.be\/?page_id=1481"},"modified":"2024-07-26T10:25:11","modified_gmt":"2024-07-26T08:25:11","slug":"zimmer","status":"publish","type":"page","link":"https:\/\/campinglarochette.be\/de\/zimmer\/","title":{"rendered":"Pl\u00e4tze"},"content":{"rendered":"<div class=\"aioseo-breadcrumbs\"><span class=\"aioseo-breadcrumb\">\n\t\t\t<a href=\"https:\/\/campinglarochette.be\/de\/\" title=\"Home\">Home<\/a>\n\t\t<\/span><span class=\"aioseo-breadcrumb-separator\">&raquo;<\/span><span class=\"aioseo-breadcrumb\">\n\t\t\tPl\u00e4tze\n\t\t<\/span><\/div><div class=\"mphb_sc_rooms-wrapper mphb-room-types \"><div class=\"mphb-room-type post-1456 mphb_room_type type-mphb_room_type status-publish has-post-thumbnail mphb_room_type_category-stellplatz-zelt-wohnwagen mphb_room_type_tag-buchung mphb_room_type_tag-standort mphb_room_type_tag-zelt mphb-room-type-adults-6 mphb-room-type-children-5 has-taxes-and-fees\">\n\n\t\n            <div class=\"room-images-wrapper\">\n            \n\n\t<p class=\"post-thumbnail mphb-loop-room-thumbnail\">\n\t<a href=\"https:\/\/campinglarochette.be\/de\/accommodation\/stellplatz-fuer-zelt-und-wohnwagen\/\">\n\t<img fetchpriority=\"high\" decoding=\"async\" width=\"891\" height=\"891\" src=\"https:\/\/campinglarochette.be\/wp-content\/uploads\/2018\/08\/TENTE-CARAVANE-891x891.jpg\" class=\"attachment-campterra-square size-campterra-square wp-post-image\" alt=\"\" srcset=\"https:\/\/campinglarochette.be\/wp-content\/uploads\/2018\/08\/TENTE-CARAVANE-891x891.jpg 891w, https:\/\/campinglarochette.be\/wp-content\/uploads\/2018\/08\/TENTE-CARAVANE-300x300.jpg 300w, https:\/\/campinglarochette.be\/wp-content\/uploads\/2018\/08\/TENTE-CARAVANE-100x100.jpg 100w, https:\/\/campinglarochette.be\/wp-content\/uploads\/2018\/08\/TENTE-CARAVANE-600x600.jpg 600w, https:\/\/campinglarochette.be\/wp-content\/uploads\/2018\/08\/TENTE-CARAVANE-150x150.jpg 150w, https:\/\/campinglarochette.be\/wp-content\/uploads\/2018\/08\/TENTE-CARAVANE-768x768.jpg 768w, https:\/\/campinglarochette.be\/wp-content\/uploads\/2018\/08\/TENTE-CARAVANE.jpg 900w\" sizes=\"(max-width: 891px) 100vw, 891px\" \/>\t<\/a>\n\n\t<\/p>\n        <\/div>\n        \n            <div class=\"room-description-wrapper\">\n            \n<h2 class=\"mphb-room-type-title entry-title\">\n\n<a class=\"mphb-room-type-title\" href=\"https:\/\/campinglarochette.be\/de\/accommodation\/stellplatz-fuer-zelt-und-wohnwagen\/\">Stellplatz f\u00fcr Zelt und Wohnwagen<\/a>\n\n<\/h2>\n\n<p>Unsere ger\u00e4umigen und schattigen Stellpl\u00e4tze sind ideal f\u00fcr Naturliebhaber, die ganz in die gr\u00fcne Umgebung der Gaume eintauchen m\u00f6chten. Stellen Sie Ihr Zelt oder Ihren Wohnwagen auf einer grasbewachsenen Parzelle auf, genie\u00dfen Sie die Ruhe und lassen Sie sich vom Gesang der V\u00f6gel wecken. Die modernen und sauberen Sanit\u00e4ranlagen sind leicht zug\u00e4nglich und garantieren einen komfortablen und angenehmen Aufenthalt.<\/p>\n\n\n<h3 class=\"mphb-room-type-details-title\">Details<\/h3><ul class=\"mphb-loop-room-type-attributes\">\n\t<li class=\"mphb-room-type-total-capacity\"><span class=\"mphb-attribute-title mphb-total-capacity-title\">G\u00e4ste:<\/span><span class=\"mphb-attribute-value\">\n\t6\n\t<\/span><\/li>\t\n\n\n\n\n\n\n\t<li class=\"mphb-room-type-size\"><span class=\"mphb-attribute-title mphb-size-title\">Gr\u00f6\u00dfe:<\/span><span class=\"mphb-attribute-value\">\n\t60m\u00b2\n\t<\/span><\/li>\n\t\n\n\n\n\t<li class=\"mphb-room-type-categories\"><span class=\"mphb-attribute-title mphb-categories-title\">Kategorien:<\/span><span class=\"mphb-attribute-value\"> <span class=\"category-stellplatz-zelt-wohnwagen\"><a href=\"https:\/\/campinglarochette.be\/de\/accommodation-category\/stellplatz-zelt-wohnwagen\/\">Stellplatz f\u00fcr Zelt &amp; Wohnwagen<\/a><\/span><\/span><\/li>\n\t\n\n<\/ul>\n\n\t<p class=\"mphb-regular-price\"><strong>Preis von:<\/strong>\n\t<span class=\"mphb-price\">9.50<span class=\"mphb-currency\">&euro;<\/span><\/span> <span class=\"mphb-price-period\" title=\"W\u00e4hlen Sie Daten, um relevante Preise zu sehen\">pro Nacht<\/span><span class=\"mphb-tax-information taxes-included\"> (+Steuern und Geb\u00fchren)<\/span>\n\t<\/p>\n\t        <\/div>\n            <div class=\"room-book-wrapper\">\n        \n<p class=\"mphb-view-details-button-wrapper\">\n<a class=\"button mphb-view-details-button\" href=\"https:\/\/campinglarochette.be\/de\/accommodation\/stellplatz-fuer-zelt-und-wohnwagen\/\" >Details ansehen<\/a>\n<\/p>\n<div class=\"mphb-to-book-btn-wrapper\">\n<form action=\"https:\/\/campinglarochette.be\/de\/accommodation\/stellplatz-fuer-zelt-und-wohnwagen\/#booking-form-1456\" method=\"get\" ><button type=\"submit\" class=\"button mphb-book-button\" >Buchen<\/button><\/form>\n<br\/><\/div>        <\/div>\n    \n\t\n<\/div>\n\n<div class=\"mphb-room-type post-1449 mphb_room_type type-mphb_room_type status-publish has-post-thumbnail mphb_room_type_category-standort-motorhome mphb_room_type_tag-buchung mphb_room_type_tag-motorhome-de mphb_room_type_tag-standort mphb-room-type-adults-6 mphb-room-type-children-5 has-taxes-and-fees\">\n\n\t\n            <div class=\"room-images-wrapper\">\n            \n\n\t<p class=\"post-thumbnail mphb-loop-room-thumbnail\">\n\t<a href=\"https:\/\/campinglarochette.be\/de\/accommodation\/platz-wohnmobil\/\">\n\t<img decoding=\"async\" width=\"891\" height=\"891\" src=\"https:\/\/campinglarochette.be\/wp-content\/uploads\/2024\/07\/MOTORHOME-891x891.jpg\" class=\"attachment-campterra-square size-campterra-square wp-post-image\" alt=\"\" srcset=\"https:\/\/campinglarochette.be\/wp-content\/uploads\/2024\/07\/MOTORHOME-891x891.jpg 891w, https:\/\/campinglarochette.be\/wp-content\/uploads\/2024\/07\/MOTORHOME-300x300.jpg 300w, https:\/\/campinglarochette.be\/wp-content\/uploads\/2024\/07\/MOTORHOME-100x100.jpg 100w, https:\/\/campinglarochette.be\/wp-content\/uploads\/2024\/07\/MOTORHOME-600x600.jpg 600w, https:\/\/campinglarochette.be\/wp-content\/uploads\/2024\/07\/MOTORHOME-150x150.jpg 150w, https:\/\/campinglarochette.be\/wp-content\/uploads\/2024\/07\/MOTORHOME-768x768.jpg 768w, https:\/\/campinglarochette.be\/wp-content\/uploads\/2024\/07\/MOTORHOME.jpg 900w\" sizes=\"(max-width: 891px) 100vw, 891px\" \/>\t<\/a>\n\n\t<\/p>\n        <\/div>\n        \n            <div class=\"room-description-wrapper\">\n            \n<h2 class=\"mphb-room-type-title entry-title\">\n\n<a class=\"mphb-room-type-title\" href=\"https:\/\/campinglarochette.be\/de\/accommodation\/platz-wohnmobil\/\">Stellplatz f\u00fcr Wohnmobile<\/a>\n\n<\/h2>\n\n<p>Unsere Stellpl\u00e4tze f\u00fcr Wohnmobile sind so konzipiert, dass sie ein Maximum an Zweckm\u00e4\u00dfigkeit und Komfort bieten. Genie\u00dfen Sie die gro\u00dfz\u00fcgigen R\u00e4ume mit Stromanschl\u00fcssen und Wasserstellen in der N\u00e4he, was Ihren Aufenthalt erleichtert. Ob Sie nur f\u00fcr eine Nacht oder f\u00fcr einen l\u00e4ngeren Zeitraum kommen, bei uns finden Sie alle Dienstleistungen, die Sie f\u00fcr einen angenehmen und komfortablen Aufenthalt ben\u00f6tigen. Entdecken Sie die Freiheit der Stra\u00dfe, w\u00e4hrend Sie sich in einer au\u00dfergew\u00f6hnlichen nat\u00fcrlichen Umgebung im Herzen der Gaume erholen.<\/p>\n\n\n<h3 class=\"mphb-room-type-details-title\">Details<\/h3><ul class=\"mphb-loop-room-type-attributes\">\n\t<li class=\"mphb-room-type-total-capacity\"><span class=\"mphb-attribute-title mphb-total-capacity-title\">G\u00e4ste:<\/span><span class=\"mphb-attribute-value\">\n\t6\n\t<\/span><\/li>\t\n\n\n\n\n\n\n\t<li class=\"mphb-room-type-size\"><span class=\"mphb-attribute-title mphb-size-title\">Gr\u00f6\u00dfe:<\/span><span class=\"mphb-attribute-value\">\n\t70m\u00b2\n\t<\/span><\/li>\n\t\n\n\n\n\t<li class=\"mphb-room-type-categories\"><span class=\"mphb-attribute-title mphb-categories-title\">Kategorien:<\/span><span class=\"mphb-attribute-value\"> <span class=\"category-standort-motorhome\"><a href=\"https:\/\/campinglarochette.be\/de\/accommodation-category\/stellplatz-zelt-wohnwagen\/standort-motorhome\/\">Stellplatz f\u00fcr Wohnmobile<\/a><\/span><\/span><\/li>\n\t\n\n<\/ul>\n\n\t<p class=\"mphb-regular-price\"><strong>Preis von:<\/strong>\n\t<span class=\"mphb-price\">12.50<span class=\"mphb-currency\">&euro;<\/span><\/span> <span class=\"mphb-price-period\" title=\"W\u00e4hlen Sie Daten, um relevante Preise zu sehen\">pro Nacht<\/span><span class=\"mphb-tax-information taxes-included\"> (+Steuern und Geb\u00fchren)<\/span>\n\t<\/p>\n\t        <\/div>\n            <div class=\"room-book-wrapper\">\n        \n<p class=\"mphb-view-details-button-wrapper\">\n<a class=\"button mphb-view-details-button\" href=\"https:\/\/campinglarochette.be\/de\/accommodation\/platz-wohnmobil\/\" >Details ansehen<\/a>\n<\/p>\n<div class=\"mphb-to-book-btn-wrapper\">\n<form action=\"https:\/\/campinglarochette.be\/de\/accommodation\/platz-wohnmobil\/#booking-form-1449\" method=\"get\" ><button type=\"submit\" class=\"button mphb-book-button\" >Buchen<\/button><\/form>\n<br\/><\/div>        <\/div>\n    \n\t\n<\/div>\n\n<\/div>\n","protected":false},"excerpt":{"rendered":"","protected":false},"author":1,"featured_media":0,"parent":0,"menu_order":0,"comment_status":"closed","ping_status":"closed","template":"elementor_header_footer","meta":{"om_disable_all_campaigns":false,"inline_featured_image":false,"_monsterinsights_skip_tracking":false,"_monsterinsights_sitenote_active":false,"_monsterinsights_sitenote_note":"","_monsterinsights_sitenote_category":0,"_uf_show_specific_survey":0,"_uf_disable_surveys":false,"_themeisle_gutenberg_block_has_review":false,"footnotes":""},"class_list":["post-1481","page","type-page","status-publish","hentry"],"aioseo_notices":[],"_links":{"self":[{"href":"https:\/\/campinglarochette.be\/de\/wp-json\/wp\/v2\/pages\/1481","targetHints":{"allow":["GET"]}}],"collection":[{"href":"https:\/\/campinglarochette.be\/de\/wp-json\/wp\/v2\/pages"}],"about":[{"href":"https:\/\/campinglarochette.be\/de\/wp-json\/wp\/v2\/types\/page"}],"author":[{"embeddable":true,"href":"https:\/\/campinglarochette.be\/de\/wp-json\/wp\/v2\/users\/1"}],"replies":[{"embeddable":true,"href":"https:\/\/campinglarochette.be\/de\/wp-json\/wp\/v2\/comments?post=1481"}],"version-history":[{"count":4,"href":"https:\/\/campinglarochette.be\/de\/wp-json\/wp\/v2\/pages\/1481\/revisions"}],"predecessor-version":[{"id":2336,"href":"https:\/\/campinglarochette.be\/de\/wp-json\/wp\/v2\/pages\/1481\/revisions\/2336"}],"wp:attachment":[{"href":"https:\/\/campinglarochette.be\/de\/wp-json\/wp\/v2\/media?parent=1481"}],"curies":[{"name":"wp","href":"https:\/\/api.w.org\/{rel}","templated":true}]}}