{"id":774,"date":"2024-07-10T13:57:20","date_gmt":"2024-07-10T11:57:20","guid":{"rendered":"http:\/\/campinglarochette.be\/?page_id=774"},"modified":"2024-07-25T14:55:01","modified_gmt":"2024-07-25T12:55:01","slug":"aktivitaten","status":"publish","type":"page","link":"https:\/\/campinglarochette.be\/de\/aktivitaten\/","title":{"rendered":"Aktivit\u00e4ten"},"content":{"rendered":"\t\t<div data-elementor-type=\"wp-page\" data-elementor-id=\"774\" class=\"elementor elementor-774 elementor-149\">\n\t\t\t\t<div class=\"elementor-element elementor-element-dac3e3a e-flex e-con-boxed e-con e-parent\" data-id=\"dac3e3a\" data-element_type=\"container\" data-e-type=\"container\">\n\t\t\t\t\t<div class=\"e-con-inner\">\n\t\t\t\t<div class=\"elementor-element elementor-element-0279cc0 elementor-widget elementor-widget-wp-widget-aioseo-breadcrumb-widget\" data-id=\"0279cc0\" data-element_type=\"widget\" data-e-type=\"widget\" data-widget_type=\"wp-widget-aioseo-breadcrumb-widget.default\">\n\t\t\t\t<div class=\"elementor-widget-container\">\n\t\t\t\t\t<div class=\"aioseo-breadcrumbs\"><span class=\"aioseo-breadcrumb\">\n\t\t\tHome\n\t\t<\/span><\/div>\t\t\t\t<\/div>\n\t\t\t\t<\/div>\n\t\t\t\t\t<\/div>\n\t\t\t\t<\/div>\n\t\t<div class=\"elementor-element elementor-element-a14dd15 e-flex e-con-boxed e-con e-parent\" data-id=\"a14dd15\" data-element_type=\"container\" data-e-type=\"container\">\n\t\t\t\t\t<div class=\"e-con-inner\">\n\t\t\t\t<div class=\"elementor-element elementor-element-d8b0ab5 elementor-widget elementor-widget-spacer\" data-id=\"d8b0ab5\" data-element_type=\"widget\" data-e-type=\"widget\" data-widget_type=\"spacer.default\">\n\t\t\t\t<div class=\"elementor-widget-container\">\n\t\t\t\t\t\t\t<div class=\"elementor-spacer\">\n\t\t\t<div class=\"elementor-spacer-inner\"><\/div>\n\t\t<\/div>\n\t\t\t\t\t\t<\/div>\n\t\t\t\t<\/div>\n\t\t\t\t\t<\/div>\n\t\t\t\t<\/div>\n\t\t<div class=\"elementor-element elementor-element-a497a98 e-flex e-con-boxed e-con e-parent\" data-id=\"a497a98\" data-element_type=\"container\" data-e-type=\"container\">\n\t\t\t\t\t<div class=\"e-con-inner\">\n\t\t\t\t<div class=\"elementor-element elementor-element-14ac53e elementor-tabs-view-horizontal elementor-widget elementor-widget-tabs\" data-id=\"14ac53e\" data-element_type=\"widget\" data-e-type=\"widget\" data-widget_type=\"tabs.default\">\n\t\t\t\t<div class=\"elementor-widget-container\">\n\t\t\t\t\t\t\t<div class=\"elementor-tabs\">\n\t\t\t<div class=\"elementor-tabs-wrapper\" role=\"tablist\" >\n\t\t\t\t\t\t\t\t\t<div id=\"elementor-tab-title-2161\" class=\"elementor-tab-title elementor-tab-desktop-title\" aria-selected=\"true\" data-tab=\"1\" role=\"tab\" tabindex=\"0\" aria-controls=\"elementor-tab-content-2161\" aria-expanded=\"false\">  Saisonale Aktivit\u00e4ten<\/div>\n\t\t\t\t\t\t\t\t\t<div id=\"elementor-tab-title-2162\" class=\"elementor-tab-title elementor-tab-desktop-title\" aria-selected=\"false\" data-tab=\"2\" role=\"tab\" tabindex=\"-1\" aria-controls=\"elementor-tab-content-2162\" aria-expanded=\"false\">  M\u00f6gliche Aktivit\u00e4ten auf dem Campingplatz<\/div>\n\t\t\t\t\t\t\t\t\t<div id=\"elementor-tab-title-2163\" class=\"elementor-tab-title elementor-tab-desktop-title\" aria-selected=\"false\" data-tab=\"3\" role=\"tab\" tabindex=\"-1\" aria-controls=\"elementor-tab-content-2163\" aria-expanded=\"false\">  Aktivit\u00e4ten in der Umgebung des Campingplatzes<\/div>\n\t\t\t\t\t\t\t<\/div>\n\t\t\t<div class=\"elementor-tabs-content-wrapper\" role=\"tablist\" aria-orientation=\"vertical\">\n\t\t\t\t\t\t\t\t\t<div class=\"elementor-tab-title elementor-tab-mobile-title\" aria-selected=\"true\" data-tab=\"1\" role=\"tab\" tabindex=\"0\" aria-controls=\"elementor-tab-content-2161\" aria-expanded=\"false\">  Saisonale Aktivit\u00e4ten<\/div>\n\t\t\t\t\t<div id=\"elementor-tab-content-2161\" class=\"elementor-tab-content elementor-clearfix\" data-tab=\"1\" role=\"tabpanel\" aria-labelledby=\"elementor-tab-title-2161\" tabindex=\"0\" hidden=\"false\"><p>Wir bieten eine gro\u00dfe Auswahl an Aktivit\u00e4ten w\u00e4hrend der Saison, von Mountainbiking bis zu Angelwettbewerben.<br \/>F\u00fcr Kinder organisieren wir Spiele, Bastelnachmittage, Puppentheater, Nachtspiele oder Filmabende.<\/p>\n<p>Die meisten Aktivit\u00e4ten werden oft spontan organisiert, gew\u00f6hnlich in Zusammenarbeit mit und von unseren G\u00e4sten.<\/p>\n<p><img decoding=\"async\" style=\"padding-right: 10px; padding-bottom: 5px;\" src=\"http:\/\/campinglarochette.be\/wp-content\/uploads\/2024\/07\/JUILLET2024.jpg\"><img decoding=\"async\" style=\"padding-right: 10px; padding-bottom: 5px;\" src=\"http:\/\/campinglarochette.be\/wp-content\/uploads\/2024\/07\/AOUT2024.jpg\"><\/p>\n<\/div>\n\t\t\t\t\t\t\t\t\t<div class=\"elementor-tab-title elementor-tab-mobile-title\" aria-selected=\"false\" data-tab=\"2\" role=\"tab\" tabindex=\"-1\" aria-controls=\"elementor-tab-content-2162\" aria-expanded=\"false\">  M\u00f6gliche Aktivit\u00e4ten auf dem Campingplatz<\/div>\n\t\t\t\t\t<div id=\"elementor-tab-content-2162\" class=\"elementor-tab-content elementor-clearfix\" data-tab=\"2\" role=\"tabpanel\" aria-labelledby=\"elementor-tab-title-2162\" tabindex=\"0\" hidden=\"hidden\"><p>Der Campingplatz &#8220;La Rochette&#8221; bietet Ihnen neben seinem Sommerprogramm auch andere Aktivit\u00e4ten an, die Sie nach Lust und Laune aus\u00fcben k\u00f6nnen&#8230;<\/p>\n<div style=\"clear:both;\"><\/div>\n<p><img decoding=\"async\" style=\"float: left; padding-right: 10px; padding-bottom: 5px;\" src=\"http:\/\/campinglarochette.be\/wp-content\/uploads\/2024\/07\/kayak.jpg\">Kajakverleih: Abfahrt mit dem Minibus vom Campingplatz bis zum Ausgangspunkt Ihrer Fahrt auf der Semois (im Voraus zu vereinbaren). Sie m\u00fcssen nur noch rudern oder sich im Rhythmus der Str\u00f6mung abw\u00e4rts treiben lassen, bis Sie das Ziel erreicht haben.<\/p>\n<div style=\"clear:both;\"><\/div>\n<p><img decoding=\"async\" style=\"float: right; padding-left: 10px; padding-bottom: 5px;\" src=\"http:\/\/campinglarochette.be\/wp-content\/uploads\/2024\/07\/velo.jpg\">Fahrradverleih: Bei sch\u00f6nem Wetter m\u00f6chten Sie die Umgebung mit dem Fahrrad erkunden, haben aber nicht daran gedacht, es mit in den Urlaub zu nehmen. Keine Sorge, mieten Sie eines unserer vielen Fahrr\u00e4der f\u00fcr einen halben oder ganzen Tag.<\/p>\n<div style=\"clear:both;\"><\/div>\n<p><img decoding=\"async\" style=\"float: left; padding-right: 10px; padding-bottom: 5px;\" src=\"http:\/\/campinglarochette.be\/wp-content\/uploads\/2024\/07\/plaine.jpg\">Der Spielplatz wird die Kleinsten begeistern. Ideal gelegen im Zentrum des Campingplatzes, direkt neben der Cafeteria, erm\u00f6glicht es den Eltern, andere Camper zu treffen und gleichzeitig auf ihre Kinder aufzupassen.<\/p>\n<div style=\"clear:both;\"><\/div>\n<p><img decoding=\"async\" style=\"float: right; padding-left: 10px; padding-bottom: 5px;\" src=\"http:\/\/campinglarochette.be\/wp-content\/uploads\/2024\/07\/petanque.jpg\">In der N\u00e4he der Cafeteria bietet der Campingplatz &#8220;La Rochette&#8221; nicht weniger als 5 Boulepl\u00e4tze. Trauen Sie sich, gegen die Anh\u00e4nger der Metallkugel bei einem Wettbewerb anzutreten, der regelm\u00e4\u00dfig vom Animationsteam organisiert wird?<\/p>\n<div style=\"clear:both;\"><\/div>\n<\/div>\n\t\t\t\t\t\t\t\t\t<div class=\"elementor-tab-title elementor-tab-mobile-title\" aria-selected=\"false\" data-tab=\"3\" role=\"tab\" tabindex=\"-1\" aria-controls=\"elementor-tab-content-2163\" aria-expanded=\"false\">  Aktivit\u00e4ten in der Umgebung des Campingplatzes<\/div>\n\t\t\t\t\t<div id=\"elementor-tab-content-2163\" class=\"elementor-tab-content elementor-clearfix\" data-tab=\"3\" role=\"tabpanel\" aria-labelledby=\"elementor-tab-title-2163\" tabindex=\"0\" hidden=\"hidden\"><p>Der Campingplatz &#8220;La Rochette&#8221; ist der ideale Ausgangspunkt f\u00fcr eine abenteuerliche Entdeckung und eine beeindruckende Reise.  <\/p>\n<p>  Vom Campingplatz aus k\u00f6nnen Sie die Gegend leicht zu Fu\u00df, mit dem Fahrrad oder dem Kajak erkunden. Neben diesen Fahrr\u00e4dern vermieten wir auch Mountainbikes und vergessen Sie nicht Ihre Wanderschuhe.  <\/p>\n<p>  Entdecken Sie die Umgebung von Florenville sur Semois mit seinen sch\u00f6nen Gesch\u00e4ften. Entdecken Sie das mittelalterliche Dorf Chassepierre. Erklimmen Sie die Ruinen von Herbeumont oder entdecken Sie das Schloss von Bouillon.  <\/p>\n<p>  Nach jeder Kurve und hinter jedem Baum werden Sie neue Dinge entdecken.  <\/p>\n<p>In der unmittelbaren Umgebung des Campingplatzes finden Sie einen Reitstall und andere Sportm\u00f6glichkeiten im Freien.<\/p>\n<h4>Webseiten<\/h4>\n<p>Schl\u00f6sser, Kirchen und Kl\u00f6ster, etc.<br \/>\n:   <\/p>\n<p>  In der N\u00e4he von Camp\u00edng finden Sie die Abtei von Orval. Im Museum erfahren Sie alles \u00fcber die Geschichte des Klosters und des Bieres.  <\/p>\n<p>  Die Umgebung des Campingplatzes ist reich an Attraktionen. Die Ruinen des Schlosses von Herbeumont, die Festung von Boulone und das gr\u00f6\u00dfte Schloss Europas in Sedan(F), die Basilika von Avioth(F) und die Zitadelle von Montm\u00e9dy(F) sind einen Besuch wert.  <\/p>\n<p>  Es ist auch m\u00f6glich, historische Orte wie Chameleux zu besuchen, wo es eine r\u00f6mische Ausgrabungsst\u00e4tte gibt.  <\/p>\n<p>  K\u00fcnstlerfestival in <a href=\"http:\/\/www.chassepierre.be\">Chassepierre<\/a>. Dieses Festival im Nachbardorf zieht Tausende von Stra\u00dfenk\u00fcnstlern, Musikern und vielen anderen Wettbewerben und Unterhaltungsangeboten an.<\/p>\n<\/div>\n\t\t\t\t\t\t\t<\/div>\n\t\t<\/div>\n\t\t\t\t\t\t<\/div>\n\t\t\t\t<\/div>\n\t\t\t\t\t<\/div>\n\t\t\t\t<\/div>\n\t\t\t\t<\/div>\n\t\t","protected":false},"excerpt":{"rendered":"<p>Saisonale Aktivit\u00e4ten M\u00f6gliche Aktivit\u00e4ten auf dem Campingplatz Aktivit\u00e4ten in der Umgebung des Campingplatzes Saisonale Aktivit\u00e4ten Wir bieten eine gro\u00dfe Auswahl an Aktivit\u00e4ten w\u00e4hrend der Saison, von Mountainbiking bis zu Angelwettbewerben.F\u00fcr Kinder organisieren wir Spiele, Bastelnachmittage, Puppentheater, Nachtspiele oder Filmabende. Die meisten Aktivit\u00e4ten werden oft spontan organisiert, gew\u00f6hnlich in Zusammenarbeit mit und von unseren G\u00e4sten. M\u00f6gliche [&hellip;]<\/p>\n","protected":false},"author":1,"featured_media":0,"parent":0,"menu_order":0,"comment_status":"closed","ping_status":"closed","template":"elementor_header_footer","meta":{"om_disable_all_campaigns":false,"inline_featured_image":false,"_monsterinsights_skip_tracking":false,"_monsterinsights_sitenote_active":false,"_monsterinsights_sitenote_note":"","_monsterinsights_sitenote_category":0,"_uf_show_specific_survey":0,"_uf_disable_surveys":false,"_themeisle_gutenberg_block_has_review":false,"footnotes":""},"class_list":["post-774","page","type-page","status-publish","hentry"],"aioseo_notices":[],"_links":{"self":[{"href":"https:\/\/campinglarochette.be\/de\/wp-json\/wp\/v2\/pages\/774","targetHints":{"allow":["GET"]}}],"collection":[{"href":"https:\/\/campinglarochette.be\/de\/wp-json\/wp\/v2\/pages"}],"about":[{"href":"https:\/\/campinglarochette.be\/de\/wp-json\/wp\/v2\/types\/page"}],"author":[{"embeddable":true,"href":"https:\/\/campinglarochette.be\/de\/wp-json\/wp\/v2\/users\/1"}],"replies":[{"embeddable":true,"href":"https:\/\/campinglarochette.be\/de\/wp-json\/wp\/v2\/comments?post=774"}],"version-history":[{"count":7,"href":"https:\/\/campinglarochette.be\/de\/wp-json\/wp\/v2\/pages\/774\/revisions"}],"predecessor-version":[{"id":2325,"href":"https:\/\/campinglarochette.be\/de\/wp-json\/wp\/v2\/pages\/774\/revisions\/2325"}],"wp:attachment":[{"href":"https:\/\/campinglarochette.be\/de\/wp-json\/wp\/v2\/media?parent=774"}],"curies":[{"name":"wp","href":"https:\/\/api.w.org\/{rel}","templated":true}]}}