{"id":802,"date":"2024-07-15T13:47:59","date_gmt":"2024-07-15T11:47:59","guid":{"rendered":"http:\/\/campinglarochette.be\/?page_id=802"},"modified":"2024-07-15T13:54:11","modified_gmt":"2024-07-15T11:54:11","slug":"tauchen-sie-in-die-natur-ein","status":"publish","type":"page","link":"https:\/\/campinglarochette.be\/de\/home-de\/tauchen-sie-in-die-natur-ein\/","title":{"rendered":"Tauchen Sie in die Natur ein"},"content":{"rendered":"\n<p>Willkommen auf dem Campingplatz La Rochette, wo die \u00fcppige Natur der Gaume auf Sie wartet, um Ihnen ein unvergessliches Erlebnis zu bescheren.<\/p>\n\n\n\n<!--more MEHR-->\n\n\n\n<p>Unsere Stellpl\u00e4tze liegen inmitten von B\u00e4umen und bieten einen idyllischen Rahmen, um sich zu entspannen und neue Energie zu tanken. Ob Sie nun gerne wandern, Fahrrad fahren oder einfach nur Ruhe suchen, auf den Waldwegen rund um unseren Campingplatz werden Sie f\u00fcndig. Bewundern Sie die spektakul\u00e4ren Sonnenauf- und -unterg\u00e4nge und lassen Sie sich von der nat\u00fcrlichen Sch\u00f6nheit der Region verzaubern. Kommen Sie und entdecken Sie eine wahre Oase der Ruhe, in der die Natur K\u00f6nig ist.<\/p>\n","protected":false},"excerpt":{"rendered":"<p>Willkommen auf dem Campingplatz La Rochette, wo die \u00fcppige Natur der Gaume auf Sie wartet, um Ihnen ein unvergessliches Erlebnis zu bescheren.<\/p>\n","protected":false},"author":1,"featured_media":710,"parent":945,"menu_order":0,"comment_status":"closed","ping_status":"closed","template":"","meta":{"om_disable_all_campaigns":false,"inline_featured_image":false,"_monsterinsights_skip_tracking":false,"_monsterinsights_sitenote_active":false,"_monsterinsights_sitenote_note":"","_monsterinsights_sitenote_category":0,"_uf_show_specific_survey":0,"_uf_disable_surveys":false,"_themeisle_gutenberg_block_has_review":false,"footnotes":""},"class_list":["post-802","page","type-page","status-publish","has-post-thumbnail","hentry"],"aioseo_notices":[],"_links":{"self":[{"href":"https:\/\/campinglarochette.be\/de\/wp-json\/wp\/v2\/pages\/802","targetHints":{"allow":["GET"]}}],"collection":[{"href":"https:\/\/campinglarochette.be\/de\/wp-json\/wp\/v2\/pages"}],"about":[{"href":"https:\/\/campinglarochette.be\/de\/wp-json\/wp\/v2\/types\/page"}],"author":[{"embeddable":true,"href":"https:\/\/campinglarochette.be\/de\/wp-json\/wp\/v2\/users\/1"}],"replies":[{"embeddable":true,"href":"https:\/\/campinglarochette.be\/de\/wp-json\/wp\/v2\/comments?post=802"}],"version-history":[{"count":3,"href":"https:\/\/campinglarochette.be\/de\/wp-json\/wp\/v2\/pages\/802\/revisions"}],"predecessor-version":[{"id":837,"href":"https:\/\/campinglarochette.be\/de\/wp-json\/wp\/v2\/pages\/802\/revisions\/837"}],"up":[{"embeddable":true,"href":"https:\/\/campinglarochette.be\/de\/wp-json\/wp\/v2\/pages\/945"}],"wp:featuredmedia":[{"embeddable":true,"href":"https:\/\/campinglarochette.be\/de\/wp-json\/wp\/v2\/media\/710"}],"wp:attachment":[{"href":"https:\/\/campinglarochette.be\/de\/wp-json\/wp\/v2\/media?parent=802"}],"curies":[{"name":"wp","href":"https:\/\/api.w.org\/{rel}","templated":true}]}}