{"id":819,"date":"2024-07-10T14:02:15","date_gmt":"2024-07-10T12:02:15","guid":{"rendered":"http:\/\/campinglarochette.be\/?page_id=819"},"modified":"2024-07-15T14:03:09","modified_gmt":"2024-07-15T12:03:09","slug":"ihr-aufenthalt-auf-ihre-art","status":"publish","type":"page","link":"https:\/\/campinglarochette.be\/de\/home-de\/ihr-aufenthalt-auf-ihre-art\/","title":{"rendered":"Ihr Aufenthalt, auf Ihre Art"},"content":{"rendered":"\n<p>Auf dem Campingplatz La Rochette bieten wir Unterkunftsm\u00f6glichkeiten f\u00fcr alle Arten von Campern. Egal, ob Sie traditionelles Camping im Zelt, Wohnwagen oder Wohnmobil bevorzugen, wir haben den perfekten Stellplatz f\u00fcr Sie.<\/p>\n\n\n\n<!--more MEHR-->\n\n\n\n<p>Unsere Zeltpl\u00e4tze befinden sich in ruhigen, schattigen Gebieten, die ideal f\u00fcr Naturliebhaber sind. F\u00fcr diejenigen, die den Komfort ihres Wohnwagens bevorzugen, bieten wir ger\u00e4umige Parzellen mit Stromanschl\u00fcssen und Wasserstellen in der N\u00e4he. Anh\u00e4nger von Wohnmobilen finden ebenfalls speziell gestaltete Stellpl\u00e4tze, die ihren Aufenthalt erleichtern und mit modernen und praktischen Einrichtungen ausgestattet sind. Wie auch immer Sie sich entscheiden, Sie werden von einer au\u00dfergew\u00f6hnlichen nat\u00fcrlichen Umgebung und hochwertigen Dienstleistungen profitieren, die Ihnen einen unbeschwerten Aufenthalt erm\u00f6glichen. In La Rochette findet jeder Camper seinen Platz.<\/p>\n","protected":false},"excerpt":{"rendered":"<p>Auf dem Campingplatz La Rochette bieten wir Unterkunftsm\u00f6glichkeiten f\u00fcr alle Arten von Campern. Egal, ob Sie traditionelles Camping im Zelt, Wohnwagen oder Wohnmobil bevorzugen, wir haben den perfekten Stellplatz f\u00fcr Sie.<\/p>\n","protected":false},"author":1,"featured_media":717,"parent":945,"menu_order":2,"comment_status":"closed","ping_status":"closed","template":"","meta":{"om_disable_all_campaigns":false,"inline_featured_image":false,"_monsterinsights_skip_tracking":false,"_monsterinsights_sitenote_active":false,"_monsterinsights_sitenote_note":"","_monsterinsights_sitenote_category":0,"_uf_show_specific_survey":0,"_uf_disable_surveys":false,"_themeisle_gutenberg_block_has_review":false,"footnotes":""},"class_list":["post-819","page","type-page","status-publish","has-post-thumbnail","hentry"],"aioseo_notices":[],"_links":{"self":[{"href":"https:\/\/campinglarochette.be\/de\/wp-json\/wp\/v2\/pages\/819","targetHints":{"allow":["GET"]}}],"collection":[{"href":"https:\/\/campinglarochette.be\/de\/wp-json\/wp\/v2\/pages"}],"about":[{"href":"https:\/\/campinglarochette.be\/de\/wp-json\/wp\/v2\/types\/page"}],"author":[{"embeddable":true,"href":"https:\/\/campinglarochette.be\/de\/wp-json\/wp\/v2\/users\/1"}],"replies":[{"embeddable":true,"href":"https:\/\/campinglarochette.be\/de\/wp-json\/wp\/v2\/comments?post=819"}],"version-history":[{"count":2,"href":"https:\/\/campinglarochette.be\/de\/wp-json\/wp\/v2\/pages\/819\/revisions"}],"predecessor-version":[{"id":825,"href":"https:\/\/campinglarochette.be\/de\/wp-json\/wp\/v2\/pages\/819\/revisions\/825"}],"up":[{"embeddable":true,"href":"https:\/\/campinglarochette.be\/de\/wp-json\/wp\/v2\/pages\/945"}],"wp:featuredmedia":[{"embeddable":true,"href":"https:\/\/campinglarochette.be\/de\/wp-json\/wp\/v2\/media\/717"}],"wp:attachment":[{"href":"https:\/\/campinglarochette.be\/de\/wp-json\/wp\/v2\/media?parent=819"}],"curies":[{"name":"wp","href":"https:\/\/api.w.org\/{rel}","templated":true}]}}