{"id":945,"date":"2018-08-28T12:34:23","date_gmt":"2018-08-28T10:34:23","guid":{"rendered":"http:\/\/campinglarochette.be\/?page_id=945"},"modified":"2024-07-25T13:35:56","modified_gmt":"2024-07-25T11:35:56","slug":"home-de","status":"publish","type":"page","link":"https:\/\/campinglarochette.be\/de\/","title":{"rendered":"Startseite"},"content":{"rendered":"\t\t<div data-elementor-type=\"wp-post\" data-elementor-id=\"945\" class=\"elementor elementor-945 elementor-355\">\n\t\t\t\t\t\t<section class=\"elementor-section elementor-top-section elementor-element elementor-element-b76a1e4 elementor-section-boxed elementor-section-height-default elementor-section-height-default\" data-id=\"b76a1e4\" data-element_type=\"section\" data-e-type=\"section\">\n\t\t\t\t\t\t<div class=\"elementor-container elementor-column-gap-default\">\n\t\t\t\t\t<div class=\"elementor-column elementor-col-100 elementor-top-column elementor-element elementor-element-a803075\" data-id=\"a803075\" data-element_type=\"column\" data-e-type=\"column\">\n\t\t\t<div class=\"elementor-widget-wrap elementor-element-populated\">\n\t\t\t\t\t\t<div class=\"elementor-element elementor-element-bd773c7 elementor-widget elementor-widget-shortcode\" data-id=\"bd773c7\" data-element_type=\"widget\" data-e-type=\"widget\" data-widget_type=\"shortcode.default\">\n\t\t\t\t<div class=\"elementor-widget-container\">\n\t\t\t\t\t\t\t<div class=\"elementor-shortcode\"><div class=\"mphb_sc_search-wrapper dark horizontal\">\n<form method=\"GET\" class=\"mphb_sc_search-form\" action=\"https:\/\/campinglarochette.be\/de\/suchergebnis\/\" data-first_available_check_in_date=\"2026-04-14\">\n\n\t<p class = \"mphb-required-fields-tip\">\n\t<small>\n\t\tErforderliche Felder werden gefolgt von\t\t<abbr title=\"required\">*<\/abbr>\n\t<\/small>\n<\/p>\n\n\t<p class=\"mphb_sc_search-check-in-date\">\n\t\t<label for=\"mphb_check_in_date-mphb-search-form-69ddfc8c1aaca\">\n\t\t\tAnreise\t\t\t<abbr title=\"Formatiert als dd\/mm\/yyyy\">*<\/abbr>\n\t\t<\/label>\n\t\t<br \/>\n\t\t<input\n\t\t\tid=\"mphb_check_in_date-mphb-search-form-69ddfc8c1aaca\"\n\t\t\tdata-datepick-group=\"mphb-search-form-69ddfc8c1aaca\"\n\t\t\tvalue=\"\"\n\t\t\tplaceholder=\"Anreisedatum\"\n\t\t\trequired=\"required\"\n\t\t\ttype=\"text\"\n\t\t\tinputmode=\"none\"\n\t\t\tname=\"mphb_check_in_date\"\n\t\t\tclass=\"mphb-datepick\"\n\t\t\tautocomplete=\"off\"\n\t\t\t\/>\n\t<\/p>\n\n\t<p class=\"mphb_sc_search-check-out-date\">\n\t\t<label for=\"mphb_check_out_date-mphb-search-form-69ddfc8c1aaca\">\n\t\t\tAbreise\t\t\t<abbr title=\"Formatiert als dd\/mm\/yyyy\">*<\/abbr>\n\t\t<\/label>\n\t\t<br \/>\n\t\t<input\n\t\t\tid=\"mphb_check_out_date-mphb-search-form-69ddfc8c1aaca\"\n\t\t\tdata-datepick-group=\"mphb-search-form-69ddfc8c1aaca\"\n\t\t\tvalue=\"\"\n\t\t\tplaceholder=\"Abreisedatum\"\n\t\t\trequired=\"required\"\n\t\t\ttype=\"text\"\n\t\t\tinputmode=\"none\"\n\t\t\tname=\"mphb_check_out_date\"\n\t\t\tclass=\"mphb-datepick\"\n\t\t\tautocomplete=\"off\"\n\t\t\t\/>\n\t<\/p>\n\n\t\t\t<input type=\"hidden\" id=\"mphb_adults-mphb-search-form-69ddfc8c1aaca\" name=\"mphb_adults\" value=\"1\" \/>\n\t\n\t\t\t<input type=\"hidden\" id=\"mphb_children-mphb-search-form-69ddfc8c1aaca\" name=\"mphb_children\" value=\"0\" \/>\n\t\n\t\n\t\t\t<p class=\"mphb_sc_search-unit-type\">\n\t\t\t<label for=\"mphb_unit-type-mphb-search-form-69ddfc8c1aaca\">\n\t\t\t\tStandort\t\t\t<\/label>\n\t\t\t<br \/>\n\t\t\t<select id=\"mphb_unit-type-mphb-search-form-69ddfc8c1aaca\" name=\"mphb_attributes[unit-type]\">\n\t\t\t\t<option value=\"\">\u2014<\/option>\n\t\t\t\t\t\t\t\t\t<option value=\"133\">Wohnmobil<\/option>\n\t\t\t\t\t\t\t\t\t<option value=\"145\">Zelt &amp; Caravan<\/option>\n\t\t\t\t\t\t\t<\/select>\n\t\t<\/p>\n\t\n\t<input id=\"mphb_check_in_date-mphb-search-form-69ddfc8c1aaca-hidden\" value=\"\" type=\"hidden\" name=\"mphb_check_in_date\" \/><input id=\"mphb_check_out_date-mphb-search-form-69ddfc8c1aaca-hidden\" value=\"\" type=\"hidden\" name=\"mphb_check_out_date\" \/>\n\t<p class=\"mphb_sc_search-submit-button-wrapper\">\n\t\t<input type=\"submit\" class=\"button\" value=\"Suche\"\/>\n\t<\/p>\n\n\t\n<\/form>\n<\/div><\/div>\n\t\t\t\t\t\t<\/div>\n\t\t\t\t<\/div>\n\t\t\t\t\t<\/div>\n\t\t<\/div>\n\t\t\t\t\t<\/div>\n\t\t<\/section>\n\t\t<div class=\"elementor-element elementor-element-68bbaec e-flex e-con-boxed e-con e-parent\" data-id=\"68bbaec\" data-element_type=\"container\" data-e-type=\"container\">\n\t\t\t\t\t<div class=\"e-con-inner\">\n\t\t\t\t<div class=\"elementor-element elementor-element-dc67e57 elementor-widget elementor-widget-wp-widget-aioseo-breadcrumb-widget\" data-id=\"dc67e57\" data-element_type=\"widget\" data-e-type=\"widget\" data-widget_type=\"wp-widget-aioseo-breadcrumb-widget.default\">\n\t\t\t\t<div class=\"elementor-widget-container\">\n\t\t\t\t\t<div class=\"aioseo-breadcrumbs\"><span class=\"aioseo-breadcrumb\">\n\t\t\tHome\n\t\t<\/span><\/div>\t\t\t\t<\/div>\n\t\t\t\t<\/div>\n\t\t\t\t\t<\/div>\n\t\t\t\t<\/div>\n\t\t<div class=\"elementor-element elementor-element-f7e8fc3 e-flex e-con-boxed e-con e-parent\" data-id=\"f7e8fc3\" data-element_type=\"container\" data-e-type=\"container\">\n\t\t\t\t\t<div class=\"e-con-inner\">\n\t\t\t\t<div class=\"elementor-element elementor-element-577737b elementor-widget elementor-widget-text-editor\" data-id=\"577737b\" data-element_type=\"widget\" data-e-type=\"widget\" data-widget_type=\"text-editor.default\">\n\t\t\t\t<div class=\"elementor-widget-container\">\n\t\t\t\t\t\t\t\t\t<p>Zwischen Ardennen und Gaume liegt der Campingplatz La Rochette, der Sie das ganze Jahr \u00fcber willkommen hei\u00dft. Diese Region im Herzen Europas ist bekannt f\u00fcr ihren Charme, die vielen Landschaften, die gro\u00dfen W\u00e4lder und die saubere Luft.<\/p>\n<p>Der Campingplatz liegt in der N\u00e4he des kleinen Dorfes Sainte-C\u00e9cile, nur wenige Schritte von der Semois, einem fischreichen Fluss, entfernt. Ob Sie auf der Durchreise sind oder einen l\u00e4ngeren Aufenthalt haben, ob Sie einen erholsamen oder ereignisreichen Urlaub verbringen m\u00f6chten, auf dem Campingplatz und in den umliegenden Gebieten gibt es viele M\u00f6glichkeiten f\u00fcr Aktivit\u00e4ten.<\/p>\n\t\t\t\t\t\t\t\t<\/div>\n\t\t\t\t<\/div>\n\t\t\t\t\t<\/div>\n\t\t\t\t<\/div>\n\t\t\t\t<section class=\"elementor-section-custom-divider elementor-section elementor-top-section elementor-element elementor-element-685c845 elementor-section-boxed elementor-section-height-default elementor-section-height-default\" data-id=\"685c845\" data-element_type=\"section\" data-e-type=\"section\" data-settings=\"{&quot;background_background&quot;:&quot;classic&quot;}\">\n\t\t\t\t\t\t<div class=\"elementor-container elementor-column-gap-default\">\n\t\t\t\t\t<div class=\"elementor-column elementor-col-25 elementor-top-column elementor-element elementor-element-80f6f2a\" data-id=\"80f6f2a\" data-element_type=\"column\" data-e-type=\"column\">\n\t\t\t<div class=\"elementor-widget-wrap elementor-element-populated\">\n\t\t\t\t\t\t<div class=\"elementor-element elementor-element-campterra-font-awesome-icon elementor-widget elementor-widget-campterra-font-awesome-icon\" data-id=\"campterra-font-awesome-icon\" data-element_type=\"widget\" data-e-type=\"widget\" data-widget_type=\"campterra-font-awesome-icon.default\">\n\t\t\t\t<div class=\"elementor-widget-container\">\n\t\t\t\t\t        <span class=\"campterra-icon-wrapper\">\r\n            <i class=\"fas fa-truck\"><\/i>\r\n        <\/span>\r\n        \t\t\t\t<\/div>\n\t\t\t\t<\/div>\n\t\t\t\t<div class=\"elementor-element elementor-element-18bc284 elementor-widget elementor-widget-heading\" data-id=\"18bc284\" data-element_type=\"widget\" data-e-type=\"widget\" data-widget_type=\"heading.default\">\n\t\t\t\t<div class=\"elementor-widget-container\">\n\t\t\t\t\t<h2 class=\"elementor-heading-title elementor-size-default\">215<\/h2>\t\t\t\t<\/div>\n\t\t\t\t<\/div>\n\t\t\t\t<div class=\"elementor-element elementor-element-5ac40e4 elementor-widget elementor-widget-text-editor\" data-id=\"5ac40e4\" data-element_type=\"widget\" data-e-type=\"widget\" data-widget_type=\"text-editor.default\">\n\t\t\t\t<div class=\"elementor-widget-container\">\n\t\t\t\t\t\t\t\t\t<p>Stellpl\u00e4tze f\u00fcr Wohnwagen, Zelte und Motorhomes<\/p>\n\t\t\t\t\t\t\t\t<\/div>\n\t\t\t\t<\/div>\n\t\t\t\t\t<\/div>\n\t\t<\/div>\n\t\t\t\t<div class=\"elementor-column elementor-col-25 elementor-top-column elementor-element elementor-element-eb571a6\" data-id=\"eb571a6\" data-element_type=\"column\" data-e-type=\"column\">\n\t\t\t<div class=\"elementor-widget-wrap elementor-element-populated\">\n\t\t\t\t\t\t<div class=\"elementor-element elementor-element-campterra-font-awesome-icon elementor-widget elementor-widget-campterra-font-awesome-icon\" data-id=\"campterra-font-awesome-icon\" data-element_type=\"widget\" data-e-type=\"widget\" data-widget_type=\"campterra-font-awesome-icon.default\">\n\t\t\t\t<div class=\"elementor-widget-container\">\n\t\t\t\t\t        <span class=\"campterra-icon-wrapper\">\r\n            <i class=\"fas fa-table-tennis\"><\/i>\r\n        <\/span>\r\n        \t\t\t\t<\/div>\n\t\t\t\t<\/div>\n\t\t\t\t<div class=\"elementor-element elementor-element-af55e37 elementor-widget elementor-widget-heading\" data-id=\"af55e37\" data-element_type=\"widget\" data-e-type=\"widget\" data-widget_type=\"heading.default\">\n\t\t\t\t<div class=\"elementor-widget-container\">\n\t\t\t\t\t<h2 class=\"elementor-heading-title elementor-size-default\">4<\/h2>\t\t\t\t<\/div>\n\t\t\t\t<\/div>\n\t\t\t\t<div class=\"elementor-element elementor-element-e3e1211 elementor-widget elementor-widget-text-editor\" data-id=\"e3e1211\" data-element_type=\"widget\" data-e-type=\"widget\" data-widget_type=\"text-editor.default\">\n\t\t\t\t<div class=\"elementor-widget-container\">\n\t\t\t\t\t\t\t\t\t<p>Boulepl\u00e4tze und ein Spielplatz<\/p>\n\t\t\t\t\t\t\t\t<\/div>\n\t\t\t\t<\/div>\n\t\t\t\t\t<\/div>\n\t\t<\/div>\n\t\t\t\t<div class=\"elementor-column elementor-col-25 elementor-top-column elementor-element elementor-element-e59209f\" data-id=\"e59209f\" data-element_type=\"column\" data-e-type=\"column\">\n\t\t\t<div class=\"elementor-widget-wrap elementor-element-populated\">\n\t\t\t\t\t\t<div class=\"elementor-element elementor-element-campterra-font-awesome-icon elementor-widget elementor-widget-campterra-font-awesome-icon\" data-id=\"campterra-font-awesome-icon\" data-element_type=\"widget\" data-e-type=\"widget\" data-widget_type=\"campterra-font-awesome-icon.default\">\n\t\t\t\t<div class=\"elementor-widget-container\">\n\t\t\t\t\t        <span class=\"campterra-icon-wrapper\">\r\n            <i class=\"fas fa-utensils\"><\/i>\r\n        <\/span>\r\n        \t\t\t\t<\/div>\n\t\t\t\t<\/div>\n\t\t\t\t<div class=\"elementor-element elementor-element-c0ff37d elementor-widget elementor-widget-heading\" data-id=\"c0ff37d\" data-element_type=\"widget\" data-e-type=\"widget\" data-widget_type=\"heading.default\">\n\t\t\t\t<div class=\"elementor-widget-container\">\n\t\t\t\t\t<h2 class=\"elementor-heading-title elementor-size-default\">60<\/h2>\t\t\t\t<\/div>\n\t\t\t\t<\/div>\n\t\t\t\t<div class=\"elementor-element elementor-element-206e535 elementor-widget elementor-widget-text-editor\" data-id=\"206e535\" data-element_type=\"widget\" data-e-type=\"widget\" data-widget_type=\"text-editor.default\">\n\t\t\t\t<div class=\"elementor-widget-container\">\n\t\t\t\t\t\t\t\t\t<p>Sitzpl\u00e4tze in unserem Restaurant<\/p>\n\t\t\t\t\t\t\t\t<\/div>\n\t\t\t\t<\/div>\n\t\t\t\t\t<\/div>\n\t\t<\/div>\n\t\t\t\t<div class=\"elementor-column elementor-col-25 elementor-top-column elementor-element elementor-element-20cb30d\" data-id=\"20cb30d\" data-element_type=\"column\" data-e-type=\"column\">\n\t\t\t<div class=\"elementor-widget-wrap elementor-element-populated\">\n\t\t\t\t\t\t<div class=\"elementor-element elementor-element-campterra-font-awesome-icon elementor-widget elementor-widget-campterra-font-awesome-icon\" data-id=\"campterra-font-awesome-icon\" data-element_type=\"widget\" data-e-type=\"widget\" data-widget_type=\"campterra-font-awesome-icon.default\">\n\t\t\t\t<div class=\"elementor-widget-container\">\n\t\t\t\t\t        <span class=\"campterra-icon-wrapper\">\r\n            <i class=\"fas fa-tree\"><\/i>\r\n        <\/span>\r\n        \t\t\t\t<\/div>\n\t\t\t\t<\/div>\n\t\t\t\t<div class=\"elementor-element elementor-element-cfae289 elementor-widget elementor-widget-heading\" data-id=\"cfae289\" data-element_type=\"widget\" data-e-type=\"widget\" data-widget_type=\"heading.default\">\n\t\t\t\t<div class=\"elementor-widget-container\">\n\t\t\t\t\t<h2 class=\"elementor-heading-title elementor-size-default\">132548...<\/h2>\t\t\t\t<\/div>\n\t\t\t\t<\/div>\n\t\t\t\t<div class=\"elementor-element elementor-element-f9810a3 elementor-widget elementor-widget-text-editor\" data-id=\"f9810a3\" data-element_type=\"widget\" data-e-type=\"widget\" data-widget_type=\"text-editor.default\">\n\t\t\t\t<div class=\"elementor-widget-container\">\n\t\t\t\t\t\t\t\t\t<p>Unvergessliche Erinnerungen an einen unvergesslichen Urlaub!<\/p>\n\t\t\t\t\t\t\t\t<\/div>\n\t\t\t\t<\/div>\n\t\t\t\t\t<\/div>\n\t\t<\/div>\n\t\t\t\t\t<\/div>\n\t\t<\/section>\n\t\t\t\t<\/div>\n\t\t","protected":false},"excerpt":{"rendered":"<p>Zwischen Ardennen und Gaume liegt der Campingplatz La Rochette, der Sie das ganze Jahr \u00fcber willkommen hei\u00dft. Diese Region im Herzen Europas ist bekannt f\u00fcr ihren Charme, die vielen Landschaften, die gro\u00dfen W\u00e4lder und die saubere Luft. Der Campingplatz liegt in der N\u00e4he des kleinen Dorfes Sainte-C\u00e9cile, nur wenige Schritte von der Semois, einem fischreichen [&hellip;]<\/p>\n","protected":false},"author":1,"featured_media":0,"parent":0,"menu_order":0,"comment_status":"closed","ping_status":"closed","template":"template-front-page.php","meta":{"om_disable_all_campaigns":false,"inline_featured_image":false,"_monsterinsights_skip_tracking":false,"_monsterinsights_sitenote_active":false,"_monsterinsights_sitenote_note":"","_monsterinsights_sitenote_category":0,"_uf_show_specific_survey":0,"_uf_disable_surveys":false,"_themeisle_gutenberg_block_has_review":false,"footnotes":""},"class_list":["post-945","page","type-page","status-publish","hentry"],"aioseo_notices":[],"_links":{"self":[{"href":"https:\/\/campinglarochette.be\/de\/wp-json\/wp\/v2\/pages\/945","targetHints":{"allow":["GET"]}}],"collection":[{"href":"https:\/\/campinglarochette.be\/de\/wp-json\/wp\/v2\/pages"}],"about":[{"href":"https:\/\/campinglarochette.be\/de\/wp-json\/wp\/v2\/types\/page"}],"author":[{"embeddable":true,"href":"https:\/\/campinglarochette.be\/de\/wp-json\/wp\/v2\/users\/1"}],"replies":[{"embeddable":true,"href":"https:\/\/campinglarochette.be\/de\/wp-json\/wp\/v2\/comments?post=945"}],"version-history":[{"count":7,"href":"https:\/\/campinglarochette.be\/de\/wp-json\/wp\/v2\/pages\/945\/revisions"}],"predecessor-version":[{"id":2317,"href":"https:\/\/campinglarochette.be\/de\/wp-json\/wp\/v2\/pages\/945\/revisions\/2317"}],"wp:attachment":[{"href":"https:\/\/campinglarochette.be\/de\/wp-json\/wp\/v2\/media?parent=945"}],"curies":[{"name":"wp","href":"https:\/\/api.w.org\/{rel}","templated":true}]}}