{"id":974,"date":"2024-07-16T10:56:29","date_gmt":"2024-07-16T08:56:29","guid":{"rendered":"http:\/\/campinglarochette.be\/?page_id=974"},"modified":"2024-07-16T16:55:11","modified_gmt":"2024-07-16T14:55:11","slug":"tauchen-sie-in-die-natur-ein-2","status":"publish","type":"page","link":"https:\/\/campinglarochette.be\/de\/home-de\/tauchen-sie-in-die-natur-ein-2\/","title":{"rendered":"Tauchen Sie ein in die Natur"},"content":{"rendered":"\n<p class=\"noombre\">Willkommen auf dem Campingplatz La Rochette, wo die \u00fcppige Natur der Gaume auf Sie wartet, um Ihnen ein unvergessliches Erlebnis zu bieten.<\/p>\n\n<!--more PLUS-->\n\n<p class=\"noombre\">Unsere Stellpl\u00e4tze liegen inmitten von B\u00e4umen und bieten einen idyllischen Rahmen, um sich zu entspannen und neue Energie zu tanken. Ob Sie nun gerne wandern, Rad fahren oder einfach nur Ruhe suchen, auf den Waldwegen rund um unseren Campingplatz werden Sie Ihr Gl\u00fcck finden. Genie\u00dfen Sie die spektakul\u00e4ren Sonnenaufg\u00e4nge und -unterg\u00e4nge und lassen Sie sich von der nat\u00fcrlichen Sch\u00f6nheit der Region verzaubern. Entdecken Sie eine wahre Oase der Ruhe, in der die Natur K\u00f6nig ist.<\/p>\n","protected":false},"excerpt":{"rendered":"<p>Willkommen auf dem Campingplatz La Rochette, wo die \u00fcppige Natur der Gaume auf Sie wartet, um Ihnen ein unvergessliches Erlebnis zu bieten.<\/p>\n","protected":false},"author":1,"featured_media":710,"parent":945,"menu_order":0,"comment_status":"closed","ping_status":"closed","template":"","meta":{"om_disable_all_campaigns":false,"inline_featured_image":false,"_monsterinsights_skip_tracking":false,"_monsterinsights_sitenote_active":false,"_monsterinsights_sitenote_note":"","_monsterinsights_sitenote_category":0,"_uf_show_specific_survey":0,"_uf_disable_surveys":false,"_themeisle_gutenberg_block_has_review":false,"footnotes":""},"class_list":["post-974","page","type-page","status-publish","has-post-thumbnail","hentry"],"aioseo_notices":[],"_links":{"self":[{"href":"https:\/\/campinglarochette.be\/de\/wp-json\/wp\/v2\/pages\/974","targetHints":{"allow":["GET"]}}],"collection":[{"href":"https:\/\/campinglarochette.be\/de\/wp-json\/wp\/v2\/pages"}],"about":[{"href":"https:\/\/campinglarochette.be\/de\/wp-json\/wp\/v2\/types\/page"}],"author":[{"embeddable":true,"href":"https:\/\/campinglarochette.be\/de\/wp-json\/wp\/v2\/users\/1"}],"replies":[{"embeddable":true,"href":"https:\/\/campinglarochette.be\/de\/wp-json\/wp\/v2\/comments?post=974"}],"version-history":[{"count":5,"href":"https:\/\/campinglarochette.be\/de\/wp-json\/wp\/v2\/pages\/974\/revisions"}],"predecessor-version":[{"id":1227,"href":"https:\/\/campinglarochette.be\/de\/wp-json\/wp\/v2\/pages\/974\/revisions\/1227"}],"up":[{"embeddable":true,"href":"https:\/\/campinglarochette.be\/de\/wp-json\/wp\/v2\/pages\/945"}],"wp:featuredmedia":[{"embeddable":true,"href":"https:\/\/campinglarochette.be\/de\/wp-json\/wp\/v2\/media\/710"}],"wp:attachment":[{"href":"https:\/\/campinglarochette.be\/de\/wp-json\/wp\/v2\/media?parent=974"}],"curies":[{"name":"wp","href":"https:\/\/api.w.org\/{rel}","templated":true}]}}